{"id":121,"date":"2023-09-20T17:01:41","date_gmt":"2023-09-20T17:01:41","guid":{"rendered":"https:\/\/escuelasonora.es\/?page_id=121"},"modified":"2026-01-26T18:39:12","modified_gmt":"2026-01-26T18:39:12","slug":"121-2","status":"publish","type":"page","link":"https:\/\/escuelasonora.es\/","title":{"rendered":""},"content":{"rendered":"<p>[et_pb_section fb_built=\u00bb1&#8243; custom_padding_last_edited=\u00bbon|tablet\u00bb admin_label=\u00bbHeader\u00bb _builder_version=\u00bb4.20.2&#8243; _module_preset=\u00bbdefault\u00bb background_enable_image=\u00bboff\u00bb background_video_mp4=\u00bbhttps:\/\/escuelasonora.es\/wp-content\/uploads\/2023\/09\/videowebblancopequenho.mp4&#8243; width=\u00bb100%\u00bb max_width=\u00bb100%\u00bb module_alignment=\u00bbcenter\u00bb min_height=\u00bb963px\u00bb custom_padding=\u00bb||0vw||false|false\u00bb custom_padding_tablet=\u00bb||0vw||false|false\u00bb custom_padding_phone=\u00bb||0vw||false|false\u00bb collapsed=\u00bboff\u00bb global_colors_info=\u00bb{}\u00bb][et_pb_row _builder_version=\u00bb4.20.2&#8243; _module_preset=\u00bbdefault\u00bb global_colors_info=\u00bb{}\u00bb][et_pb_column type=\u00bb4_4&#8243; _builder_version=\u00bb4.20.2&#8243; _module_preset=\u00bbdefault\u00bb global_colors_info=\u00bb{}\u00bb][et_pb_image src=\u00bbhttps:\/\/escuelasonora.es\/wp-content\/uploads\/2023\/09\/Logo-Sonora-nobord_Mesa-de-trabajo-1-copia.png\u00bb title_text=\u00bbLogo Sonora nobord_Mesa de trabajo 1 copia\u00bb align=\u00bbcenter\u00bb _builder_version=\u00bb4.20.2&#8243; _module_preset=\u00bbdefault\u00bb width=\u00bb100%\u00bb min_height=\u00bb100px\u00bb max_height=\u00bb227px\u00bb custom_margin=\u00bb-34px||||false|false\u00bb global_colors_info=\u00bb{}\u00bb][\/et_pb_image][et_pb_text _builder_version=\u00bb4.20.2&#8243; _module_preset=\u00bbbcdeb3de-38d4-4a65-a197-6e0844dba11c\u00bb text_font=\u00bbRaleway||||||||\u00bb text_text_color=\u00bbRGBA(255,255,255,0)\u00bb link_font=\u00bbRaleway||||||||\u00bb link_text_color=\u00bb#154068&#8243; header_text_color=\u00bb#154068&#8243; header_3_text_color=\u00bb#FFFFFF\u00bb width=\u00bb100%\u00bb max_width=\u00bb100%\u00bb max_height=\u00bb1000px\u00bb custom_margin=\u00bb||10px||false|false\u00bb animation_style=\u00bbzoom\u00bb global_colors_info=\u00bb{}\u00bb][\/et_pb_text][et_pb_text _builder_version=\u00bb4.20.2&#8243; _module_preset=\u00bbfea77a33-aeda-4f9a-b11d-ded65c80376d\u00bb text_font=\u00bbRaleway|700|||||||\u00bb text_text_color=\u00bb#154068&#8243; header_text_color=\u00bb#FFFFFF\u00bb header_font_size=\u00bb180px\u00bb custom_padding=\u00bb|8vw|||false|false\u00bb custom_padding_tablet=\u00bb|0px|||false|false\u00bb custom_padding_phone=\u00bb|0px|||false|false\u00bb custom_padding_last_edited=\u00bbon|desktop\u00bb header_font_size_tablet=\u00bb10vw\u00bb header_font_size_phone=\u00bb10vw\u00bb header_font_size_last_edited=\u00bbon|tablet\u00bb global_colors_info=\u00bb{}\u00bb][\/et_pb_text][\/et_pb_column][\/et_pb_row][et_pb_row column_structure=\u00bb1_2,1_2&#8243; _builder_version=\u00bb4.20.2&#8243; _module_preset=\u00bbdefault\u00bb position_origin_a=\u00bbbottom_right\u00bb position_origin_a_tablet=\u00bbbottom_right\u00bb position_origin_a_phone=\u00bbbottom_right\u00bb position_origin_a_last_edited=\u00bboff|desktop\u00bb position_origin_f_last_edited=\u00bboff|desktop\u00bb position_origin_r_last_edited=\u00bboff|desktop\u00bb max_width=\u00bbnone\u00bb min_height=\u00bb265.6px\u00bb custom_margin=\u00bb264px|auto|-308px|auto||\u00bb custom_padding=\u00bb||308px||false|false\u00bb positioning_tablet=\u00bbnone\u00bb positioning_phone=\u00bbnone\u00bb positioning_last_edited=\u00bboff|desktop\u00bb border_color_all=\u00bbgcid-270b494a-7797-4179-a3cb-58e2ea5a2b33&#8243; border_width_bottom=\u00bb1px\u00bb border_style_bottom=\u00bbdashed\u00bb global_colors_info=\u00bb{%22gcid-270b494a-7797-4179-a3cb-58e2ea5a2b33%22:%91%22border_color_all%22%93}\u00bb][et_pb_column type=\u00bb1_2&#8243; _builder_version=\u00bb4.20.2&#8243; _module_preset=\u00bbdefault\u00bb transform_scale=\u00bb116%|116%\u00bb transform_translate=\u00bb460px|45px\u00bb global_colors_info=\u00bb{}\u00bb][et_pb_button button_url=\u00bbhttps:\/\/www.patreon.com\/escuelasonora\/membership\u00bb url_new_window=\u00bbon\u00bb button_text=\u00bbPatreon\u00bb button_alignment=\u00bbcenter\u00bb _builder_version=\u00bb4.20.2&#8243; _module_preset=\u00bbdefault\u00bb custom_button=\u00bbon\u00bb button_text_size=\u00bb32px\u00bb button_text_color=\u00bb#154068&#8243; button_border_width=\u00bb5px\u00bb button_border_radius=\u00bb14px\u00bb transform_translate=\u00bb-404px|4px\u00bb animation_style=\u00bbfade\u00bb global_colors_info=\u00bb{}\u00bb][\/et_pb_button][\/et_pb_column][et_pb_column type=\u00bb1_2&#8243; _builder_version=\u00bb4.20.2&#8243; _module_preset=\u00bbdefault\u00bb background_color=\u00bbrgba(255,255,255,0.5)\u00bb custom_padding=\u00bb60px|40px|60px|40px|true|true\u00bb custom_padding_tablet=\u00bb40px|30px|40px|30px|true|true\u00bb custom_padding_phone=\u00bb40px|20px|40px|20px|true|true\u00bb custom_padding_last_edited=\u00bbon|desktop\u00bb animation_style=\u00bbzoom\u00bb global_colors_info=\u00bb{}\u00bb][et_pb_text _builder_version=\u00bb4.20.2&#8243; _module_preset=\u00bbbcdeb3de-38d4-4a65-a197-6e0844dba11c\u00bb header_3_text_color=\u00bbgcid-270b494a-7797-4179-a3cb-58e2ea5a2b33&#8243; custom_margin=\u00bb||0px||false|false\u00bb inline_fonts=\u00bbRaleway,Open Sans\u00bb global_colors_info=\u00bb{%22gcid-270b494a-7797-4179-a3cb-58e2ea5a2b33%22:%91%22header_3_text_color%22%93}\u00bb]<\/p>\n<h2><strong><span style=\"color: #003e6a; font-family: 'Open Sans'; font-size: xx-large;\">(+34) 744 65 83 46<\/span><\/strong><\/h2>\n<p>[\/et_pb_text][et_pb_text _builder_version=\u00bb4.20.2&#8243; _module_preset=\u00bb4d1ea27a-e22d-4998-afa7-2ddfbfdd5cf9&#8243; text_font=\u00bbRaleway||||||||\u00bb text_text_color=\u00bbgcid-4c119920-fe37-4b7d-b1e0-a1ec608cdcd7&#8243; custom_margin=\u00bb||0px||false|false\u00bb global_colors_info=\u00bb{%22gcid-4c119920-fe37-4b7d-b1e0-a1ec608cdcd7%22:%91%22text_text_color%22%93}\u00bb]<\/p>\n<p>Clases online de control de sonido en directo.<\/p>\n<p>[\/et_pb_text][et_pb_text _builder_version=\u00bb4.20.2&#8243; _module_preset=\u00bb4d1ea27a-e22d-4998-afa7-2ddfbfdd5cf9&#8243; text_font=\u00bbRaleway||||||||\u00bb text_text_color=\u00bbgcid-4c119920-fe37-4b7d-b1e0-a1ec608cdcd7&#8243; global_colors_info=\u00bb{%22gcid-4c119920-fe37-4b7d-b1e0-a1ec608cdcd7%22:%91%22text_text_color%22%93}\u00bb]<\/p>\n<p>Aprende a manejar tu controladora desde casa.<\/p>\n<p>[\/et_pb_text][\/et_pb_column][\/et_pb_row][\/et_pb_section][et_pb_section fb_built=\u00bb1&#8243; admin_label=\u00bbAbout\u00bb _builder_version=\u00bb4.21.0&#8243; _module_preset=\u00bbdefault\u00bb background_color=\u00bbgcid-4c119920-fe37-4b7d-b1e0-a1ec608cdcd7&#8243; overflow-x=\u00bbhidden\u00bb overflow-y=\u00bbhidden\u00bb collapsed=\u00bbon\u00bb global_colors_info=\u00bb{%22gcid-4c119920-fe37-4b7d-b1e0-a1ec608cdcd7%22:%91%22background_color%22%93}\u00bb][et_pb_row column_structure=\u00bb1_2,1_2&#8243; _builder_version=\u00bb4.21.0&#8243; _module_preset=\u00bbdefault\u00bb global_colors_info=\u00bb{}\u00bb][et_pb_column type=\u00bb1_2&#8243; _builder_version=\u00bb4.21.0&#8243; _module_preset=\u00bbdefault\u00bb global_colors_info=\u00bb{}\u00bb][et_pb_image src=\u00bbhttps:\/\/escuelasonora.es\/wp-content\/uploads\/2023\/09\/DSC0057300-ant-scaled.jpg\u00bb alt=\u00bbCurso presencial de sonido en directo\u00bb title_text=\u00bbCurso presencial de sonido en directo\u00bb _builder_version=\u00bb4.20.2&#8243; _module_preset=\u00bbdefault\u00bb border_width_all=\u00bb1px\u00bb border_color_all=\u00bbgcid-5a92b32a-7eb7-4cbf-bdc6-bfe5157d88a2&#8243; global_colors_info=\u00bb{%22gcid-5a92b32a-7eb7-4cbf-bdc6-bfe5157d88a2%22:%91%22border_color_all%22%93}\u00bb][\/et_pb_image][\/et_pb_column][et_pb_column type=\u00bb1_2&#8243; _builder_version=\u00bb4.21.0&#8243; _module_preset=\u00bbdefault\u00bb global_colors_info=\u00bb{}\u00bb][et_pb_text _builder_version=\u00bb4.20.2&#8243; _module_preset=\u00bbe6e178b7-9a7c-4b5f-b753-676748235a17&#8243; text_font=\u00bbRaleway|600|||||||\u00bb text_text_color=\u00bb#000000&#8243; text_font_size=\u00bb11px\u00bb header_2_text_color=\u00bb#FFFFFF\u00bb custom_margin=\u00bb||0px||false|false\u00bb inline_fonts=\u00bbRaleway\u00bb global_colors_info=\u00bb{}\u00bb]<\/p>\n<p><strong><span style=\"font-family: Raleway; font-size: x-large;\">Curso de sonido en directo<\/span><\/strong><\/p>\n<p>[\/et_pb_text][et_pb_divider color=\u00bbgcid-270b494a-7797-4179-a3cb-58e2ea5a2b33&#8243; divider_position=\u00bbcenter\u00bb _builder_version=\u00bb4.21.0&#8243; _module_preset=\u00bbdefault\u00bb width=\u00bb70%\u00bb module_alignment=\u00bbright\u00bb custom_margin_tablet=\u00bb5px||||false|false\u00bb custom_margin_phone=\u00bb0px||||false|false\u00bb custom_margin_last_edited=\u00bboff|desktop\u00bb custom_padding=\u00bb||||false|false\u00bb global_colors_info=\u00bb{%22gcid-270b494a-7797-4179-a3cb-58e2ea5a2b33%22:%91%22color%22%93}\u00bb][\/et_pb_divider][et_pb_text _builder_version=\u00bb4.20.2&#8243; _module_preset=\u00bb4d1ea27a-e22d-4998-afa7-2ddfbfdd5cf9&#8243; text_font=\u00bbRaleway||||||||\u00bb text_text_color=\u00bbgcid-5a92b32a-7eb7-4cbf-bdc6-bfe5157d88a2&#8243; global_colors_info=\u00bb{%22gcid-5a92b32a-7eb7-4cbf-bdc6-bfe5157d88a2%22:%91%22text_text_color%22%93}\u00bb]<\/p>\n<p>Convi\u00e9rtete en t\u00e9cnico de sonido. En nuestro curso de sonido en directo dominar\u00e1s la mezcla, la configuraci\u00f3n y el montaje de equipos de sonido. Trabajar\u00e1s con equipo profesional y con profesionales en activo del sector. Aprende los secretos de la EQ, compresi\u00f3n y los procesos m\u00e1s eficientes con el control digital de las se\u00f1ales. Este curso est\u00e1 pensado para estudiantes de imagen y sonido y t\u00e9cnicos de sonido.<\/p>\n<p>[\/et_pb_text][et_pb_button button_text=\u00bbReservar plaza\u00bb _builder_version=\u00bb4.20.2&#8243; _module_preset=\u00bb75300775-2c6f-4fae-b4c6-412d98757c90&#8243; button_text_color=\u00bb#003e6a\u00bb button_border_width=\u00bb0px\u00bb button_letter_spacing=\u00bb0em\u00bb button_font=\u00bbRaleway|700||on|||||\u00bb transform_scale=\u00bb138%|138%\u00bb animation_style=\u00bbfade\u00bb global_colors_info=\u00bb{}\u00bb][\/et_pb_button][et_pb_image src=\u00bbhttps:\/\/escuelasonora.es\/wp-content\/uploads\/2023\/09\/conectores_Mesa-de-trabajo-1.png\u00bb alt=\u00bbConectores\u00bb title_text=\u00bbconectores\u00bb align=\u00bbright\u00bb _builder_version=\u00bb4.20.2&#8243; _module_preset=\u00bbdefault\u00bb width=\u00bb12%\u00bb module_alignment=\u00bbright\u00bb custom_margin=\u00bb-4vw|-4vw|||false|false\u00bb global_colors_info=\u00bb{}\u00bb][\/et_pb_image][\/et_pb_column][\/et_pb_row][\/et_pb_section][et_pb_section fb_built=\u00bb1&#8243; admin_label=\u00bbServices\u00bb _builder_version=\u00bb4.21.0&#8243; _module_preset=\u00bbdefault\u00bb background_color=\u00bbgcid-4c119920-fe37-4b7d-b1e0-a1ec608cdcd7&#8243; collapsed=\u00bbon\u00bb global_colors_info=\u00bb{%22gcid-4c119920-fe37-4b7d-b1e0-a1ec608cdcd7%22:%91%22background_color%22%93}\u00bb][et_pb_row column_structure=\u00bb1_4,1_2,1_4&#8243; _builder_version=\u00bb4.21.0&#8243; _module_preset=\u00bbdefault\u00bb global_colors_info=\u00bb{}\u00bb][et_pb_column type=\u00bb1_4&#8243; _builder_version=\u00bb4.21.0&#8243; _module_preset=\u00bbdefault\u00bb global_colors_info=\u00bb{}\u00bb][et_pb_divider color=\u00bbgcid-270b494a-7797-4179-a3cb-58e2ea5a2b33&#8243; divider_style=\u00bbdashed\u00bb divider_position=\u00bbcenter\u00bb _builder_version=\u00bb4.21.0&#8243; _module_preset=\u00bbdefault\u00bb custom_margin=\u00bb||0px||false|false\u00bb custom_margin_tablet=\u00bb5px||||false|false\u00bb custom_margin_phone=\u00bb0px||||false|false\u00bb custom_margin_last_edited=\u00bboff|desktop\u00bb custom_padding=\u00bb||||false|false\u00bb locked=\u00bboff\u00bb global_colors_info=\u00bb{%22gcid-270b494a-7797-4179-a3cb-58e2ea5a2b33%22:%91%22color%22%93}\u00bb][\/et_pb_divider][\/et_pb_column][et_pb_column type=\u00bb1_2&#8243; _builder_version=\u00bb4.21.0&#8243; _module_preset=\u00bbdefault\u00bb global_colors_info=\u00bb{}\u00bb][et_pb_text _builder_version=\u00bb4.20.2&#8243; _module_preset=\u00bbe6e178b7-9a7c-4b5f-b753-676748235a17&#8243; text_font=\u00bbRaleway|700|||||||\u00bb text_text_color=\u00bb#003e6a\u00bb header_2_text_color=\u00bb#FFFFFF\u00bb background_color=\u00bbRGBA(255,255,255,0)\u00bb position_origin_a=\u00bbtop_center\u00bb z_index=\u00bb10&#8243; text_orientation=\u00bbcenter\u00bb max_width=\u00bb700px\u00bb module_alignment=\u00bbcenter\u00bb custom_margin=\u00bb-20px||||false|false\u00bb custom_margin_tablet=\u00bb0px||||false|false\u00bb custom_margin_phone=\u00bb0px||||false|false\u00bb custom_margin_last_edited=\u00bbon|tablet\u00bb animation_style=\u00bbfade\u00bb link_option_url=\u00bbhttps:\/\/www.patreon.com\/escuelasonora\/membership\u00bb link_option_url_new_window=\u00bbon\u00bb locked=\u00bboff\u00bb global_colors_info=\u00bb{}\u00bb]<\/p>\n<h3><span style=\"color: #003e6a;\"><strong>Nuestro Patreon<\/strong><\/span><\/h3>\n<p>[\/et_pb_text][\/et_pb_column][et_pb_column type=\u00bb1_4&#8243; _builder_version=\u00bb4.21.0&#8243; _module_preset=\u00bbdefault\u00bb global_colors_info=\u00bb{}\u00bb][et_pb_divider color=\u00bbgcid-270b494a-7797-4179-a3cb-58e2ea5a2b33&#8243; divider_style=\u00bbdashed\u00bb divider_position=\u00bbcenter\u00bb _builder_version=\u00bb4.21.0&#8243; _module_preset=\u00bbdefault\u00bb custom_margin=\u00bb||0px||false|false\u00bb custom_padding=\u00bb||||false|false\u00bb locked=\u00bboff\u00bb global_colors_info=\u00bb{%22gcid-270b494a-7797-4179-a3cb-58e2ea5a2b33%22:%91%22color%22,%22color%22%93}\u00bb][\/et_pb_divider][\/et_pb_column][\/et_pb_row][et_pb_row _builder_version=\u00bb4.20.2&#8243; _module_preset=\u00bbdefault\u00bb global_colors_info=\u00bb{}\u00bb][et_pb_column type=\u00bb4_4&#8243; _builder_version=\u00bb4.21.0&#8243; _module_preset=\u00bbdefault\u00bb background_color=\u00bb#FFFFFF\u00bb custom_padding=\u00bb40px|40px|40px|40px|true|true\u00bb custom_padding_tablet=\u00bb30px|30px|30px|30px|true|true\u00bb custom_padding_phone=\u00bb20px|20px|20px|20px|true|true\u00bb custom_padding_last_edited=\u00bbon|desktop\u00bb global_colors_info=\u00bb{}\u00bb][et_pb_image src=\u00bbhttps:\/\/escuelasonora.es\/wp-content\/uploads\/2023\/09\/vumetro.png\u00bb alt=\u00bbV\u00fametro Sonora\u00bb title_text=\u00bbvumetro Sonora\u00bb _builder_version=\u00bb4.20.2&#8243; _module_preset=\u00bbdefault\u00bb transform_translate=\u00bb-70%|24%\u00bb transform_translate_linked=\u00bboff\u00bb transform_rotate=\u00bb0deg|0deg|-30deg\u00bb positioning=\u00bbabsolute\u00bb position_origin_a=\u00bbbottom_left\u00bb width=\u00bb50%\u00bb animation_style=\u00bbfade\u00bb hover_transition_duration=\u00bb550ms\u00bb motion_trigger_start=\u00bbbottom\u00bb global_colors_info=\u00bb{}\u00bb][\/et_pb_image][et_pb_divider show_divider=\u00bboff\u00bb _builder_version=\u00bb4.21.0&#8243; _module_preset=\u00bbdefault\u00bb use_background_color_gradient=\u00bbon\u00bb background_color_gradient_repeat=\u00bbon\u00bb background_color_gradient_direction=\u00bb90deg\u00bb background_color_gradient_stops=\u00bbrgba(255,255,255,0) 2px|rgba(255,255,255,0) 4px|#ffffff 4px|#ffffff 6px\u00bb background_color_gradient_unit=\u00bbpx\u00bb transform_translate=\u00bb0px|100%\u00bb transform_translate_linked=\u00bboff\u00bb positioning=\u00bbabsolute\u00bb position_origin_a=\u00bbbottom_left\u00bb width=\u00bb100%\u00bb height=\u00bb30px\u00bb locked=\u00bboff\u00bb global_colors_info=\u00bb{}\u00bb][\/et_pb_divider][et_pb_text _builder_version=\u00bb4.20.2&#8243; _module_preset=\u00bbbcdeb3de-38d4-4a65-a197-6e0844dba11c\u00bb header_3_text_color=\u00bbgcid-4c119920-fe37-4b7d-b1e0-a1ec608cdcd7&#8243; custom_margin=\u00bb||0px||false|false\u00bb global_colors_info=\u00bb{%22gcid-4c119920-fe37-4b7d-b1e0-a1ec608cdcd7%22:%91%22header_3_text_color%22%93}\u00bb]<\/p>\n<h3>estudiante sonorer &#8211; 3\u20ac<\/h3>\n<p>[\/et_pb_text][et_pb_text _builder_version=\u00bb4.21.0&#8243; _module_preset=\u00bb4d1ea27a-e22d-4998-afa7-2ddfbfdd5cf9&#8243; text_text_color=\u00bbgcid-2ecdf16a-9aa9-4a50-9606-6904c215eb5f\u00bb custom_padding=\u00bb||1px|||\u00bb global_colors_info=\u00bb{%22gcid-2ecdf16a-9aa9-4a50-9606-6904c215eb5f%22:%91%22text_text_color%22%93}\u00bb]<\/p>\n<p>Tendr\u00e1s derecho a una clase mensual <strong>en directo<\/strong>. Ten acceso al Discord de <strong>nuestra comunidad<\/strong>. <strong>Aparecer\u00e1s en los cr\u00e9ditos<\/strong> de nuestros productos.<\/p>\n<p>[\/et_pb_text][et_pb_text _builder_version=\u00bb4.21.0&#8243; _module_preset=\u00bbbcdeb3de-38d4-4a65-a197-6e0844dba11c\u00bb header_3_text_color=\u00bbgcid-4c119920-fe37-4b7d-b1e0-a1ec608cdcd7&#8243; custom_margin=\u00bb||0px||false|false\u00bb global_colors_info=\u00bb{%22gcid-4c119920-fe37-4b7d-b1e0-a1ec608cdcd7%22:%91%22header_3_text_color%22%93}\u00bb]<\/p>\n<h3>Graduado sonorer &#8211; 6\u20ac<\/h3>\n<p>[\/et_pb_text][et_pb_text _builder_version=\u00bb4.20.2&#8243; _module_preset=\u00bb4d1ea27a-e22d-4998-afa7-2ddfbfdd5cf9&#8243; text_text_color=\u00bbgcid-2ecdf16a-9aa9-4a50-9606-6904c215eb5f\u00bb custom_padding=\u00bb0px|||||\u00bb global_colors_info=\u00bb{%22gcid-2ecdf16a-9aa9-4a50-9606-6904c215eb5f%22:%91%22text_text_color%22%93}\u00bb]<\/p>\n<p>Tendr\u00e1s derecho a <strong>dos clases mensuales en directo<\/strong>. Accede al Discord de <strong>nuestra comunidad<\/strong>. Acceso a <strong>contenido exclusivo formativo<\/strong> en Patreon.<\/p>\n<p>[\/et_pb_text][et_pb_text _builder_version=\u00bb4.20.2&#8243; _module_preset=\u00bbbcdeb3de-38d4-4a65-a197-6e0844dba11c\u00bb header_3_text_color=\u00bbgcid-4c119920-fe37-4b7d-b1e0-a1ec608cdcd7&#8243; custom_margin=\u00bb||0px||false|false\u00bb global_colors_info=\u00bb{%22gcid-4c119920-fe37-4b7d-b1e0-a1ec608cdcd7%22:%91%22header_3_text_color%22%93}\u00bb]<\/p>\n<h3>Posgrado Sonorer- 10\u20ac<\/h3>\n<p>[\/et_pb_text][et_pb_text _builder_version=\u00bb4.20.2&#8243; _module_preset=\u00bb4d1ea27a-e22d-4998-afa7-2ddfbfdd5cf9&#8243; text_text_color=\u00bbgcid-2ecdf16a-9aa9-4a50-9606-6904c215eb5f\u00bb global_colors_info=\u00bb{%22gcid-2ecdf16a-9aa9-4a50-9606-6904c215eb5f%22:%91%22text_text_color%22%93}\u00bb]<\/p>\n<p><strong>Tres clases mensuales<\/strong> en directo. Accede al Discord de <strong>nuestra comunidad<\/strong>. Acceso a <strong>contenido exclusivo formativo<\/strong> en Patreon.<\/p>\n<p>[\/et_pb_text][et_pb_text _builder_version=\u00bb4.20.2&#8243; _module_preset=\u00bbbcdeb3de-38d4-4a65-a197-6e0844dba11c\u00bb header_3_text_color=\u00bbgcid-4c119920-fe37-4b7d-b1e0-a1ec608cdcd7&#8243; custom_margin=\u00bb||0px||false|false\u00bb global_colors_info=\u00bb{%22gcid-4c119920-fe37-4b7d-b1e0-a1ec608cdcd7%22:%91%22header_3_text_color%22%93}\u00bb]<\/p>\n<h3>Maestro Sonorer &#8211; 15\u20ac<\/h3>\n<p>[\/et_pb_text][et_pb_text _builder_version=\u00bb4.20.2&#8243; _module_preset=\u00bb4d1ea27a-e22d-4998-afa7-2ddfbfdd5cf9&#8243; text_text_color=\u00bbgcid-2ecdf16a-9aa9-4a50-9606-6904c215eb5f\u00bb global_colors_info=\u00bb{%22gcid-2ecdf16a-9aa9-4a50-9606-6904c215eb5f%22:%91%22text_text_color%22%93}\u00bb]<\/p>\n<p><strong>Cuatro clases mensuales<\/strong> en directo. Accede al Discord de <strong>nuestra comunidad<\/strong>. Tendr\u00e1s a<strong>cceso anticipado<\/strong> al <strong>contenido exclusivo<\/strong> formativo de Patreon.<\/p>\n<p>[\/et_pb_text][\/et_pb_column][\/et_pb_row][\/et_pb_section][et_pb_section fb_built=\u00bb1&#8243; admin_label=\u00bbCall to Action\u00bb _builder_version=\u00bb4.20.2&#8243; _module_preset=\u00bbdefault\u00bb use_background_color_gradient=\u00bbon\u00bb background_color_gradient_stops=\u00bbrgba(21,64,104,0.85) 0%|rgba(30,30,30,0.85) 100%\u00bb background_color_gradient_overlays_image=\u00bbon\u00bb background_image=\u00bbhttps:\/\/escuelasonora.es\/wp-content\/uploads\/2023\/09\/DSC05997-scaled.jpg\u00bb custom_padding=\u00bb8vw||8vw||true|false\u00bb collapsed=\u00bbon\u00bb global_colors_info=\u00bb{}\u00bb][et_pb_row column_structure=\u00bb1_3,1_3,1_3&#8243; _builder_version=\u00bb4.21.0&#8243; _module_preset=\u00bbdefault\u00bb locked=\u00bboff\u00bb global_colors_info=\u00bb{}\u00bb][et_pb_column type=\u00bb1_3&#8243; _builder_version=\u00bb4.21.0&#8243; _module_preset=\u00bbdefault\u00bb custom_padding=\u00bb0px||||false|false\u00bb global_colors_info=\u00bb{}\u00bb][et_pb_divider color=\u00bbgcid-270b494a-7797-4179-a3cb-58e2ea5a2b33&#8243; divider_position=\u00bbcenter\u00bb _builder_version=\u00bb4.21.0&#8243; _module_preset=\u00bbdefault\u00bb custom_margin=\u00bb||0px||false|false\u00bb custom_margin_tablet=\u00bb5px||||false|false\u00bb custom_margin_phone=\u00bb0px||||false|false\u00bb custom_margin_last_edited=\u00bboff|desktop\u00bb custom_padding=\u00bb||||false|false\u00bb locked=\u00bboff\u00bb global_colors_info=\u00bb{%22gcid-270b494a-7797-4179-a3cb-58e2ea5a2b33%22:%91%22color%22%93}\u00bb][\/et_pb_divider][\/et_pb_column][et_pb_column type=\u00bb1_3&#8243; _builder_version=\u00bb4.21.0&#8243; _module_preset=\u00bbdefault\u00bb global_colors_info=\u00bb{}\u00bb][et_pb_image src=\u00bbhttps:\/\/escuelasonora.es\/wp-content\/uploads\/2023\/09\/Logo-Sonora-blanco-08-08.png\u00bb alt=\u00bbLogo Sonora Blanco\u00bb title_text=\u00bbLogo Sonora blanco\u00bb align=\u00bbcenter\u00bb _builder_version=\u00bb4.20.2&#8243; _module_preset=\u00bbdefault\u00bb transform_scale=\u00bb224%|224%\u00bb transform_translate=\u00bb0px|-41px\u00bb max_height=\u00bb80px\u00bb custom_margin=\u00bb-30px||||false|false\u00bb custom_margin_tablet=\u00bb0px||||false|false\u00bb custom_margin_phone=\u00bb0px||||false|false\u00bb custom_margin_last_edited=\u00bbon|tablet\u00bb global_colors_info=\u00bb{}\u00bb][\/et_pb_image][\/et_pb_column][et_pb_column type=\u00bb1_3&#8243; _builder_version=\u00bb4.21.0&#8243; _module_preset=\u00bbdefault\u00bb global_colors_info=\u00bb{}\u00bb][et_pb_divider color=\u00bbgcid-270b494a-7797-4179-a3cb-58e2ea5a2b33&#8243; divider_position=\u00bbcenter\u00bb _builder_version=\u00bb4.21.0&#8243; _module_preset=\u00bbdefault\u00bb custom_margin=\u00bb||0px||false|false\u00bb custom_margin_tablet=\u00bb5px||||false|false\u00bb custom_margin_phone=\u00bb0px||||false|false\u00bb custom_margin_last_edited=\u00bboff|desktop\u00bb custom_padding=\u00bb||||false|false\u00bb locked=\u00bboff\u00bb global_colors_info=\u00bb{%22gcid-270b494a-7797-4179-a3cb-58e2ea5a2b33%22:%91%22color%22%93}\u00bb][\/et_pb_divider][\/et_pb_column][\/et_pb_row][et_pb_row _builder_version=\u00bb4.20.2&#8243; _module_preset=\u00bbdefault\u00bb transform_scale=\u00bb62%|62%\u00bb transform_translate=\u00bb0px|-32px\u00bb max_width=\u00bbnone\u00bb custom_padding=\u00bb||0px||false|false\u00bb global_colors_info=\u00bb{}\u00bb][et_pb_column type=\u00bb4_4&#8243; _builder_version=\u00bb4.21.0&#8243; _module_preset=\u00bbdefault\u00bb global_colors_info=\u00bb{}\u00bb][et_pb_text _builder_version=\u00bb4.20.2&#8243; _module_preset=\u00bb1fd646d6-dbba-465f-bdb3-aefc4dc65832&#8243; header_2_text_color=\u00bb#FFFFFF\u00bb transform_translate=\u00bb-4px|-41px\u00bb text_orientation=\u00bbcenter\u00bb custom_margin=\u00bb||10px||false|false\u00bb inline_fonts=\u00bbOpen Sans,Roboto\u00bb global_colors_info=\u00bb{}\u00bb]<\/p>\n<h2><span style=\"color: #ffffff; font-family: Roboto; font-weight: normal;\">HAZTE MECENAS<\/span><\/h2>\n<p>[\/et_pb_text][\/et_pb_column][\/et_pb_row][et_pb_row _builder_version=\u00bb4.21.0&#8243; _module_preset=\u00bbdefault\u00bb global_colors_info=\u00bb{}\u00bb][et_pb_column type=\u00bb4_4&#8243; _builder_version=\u00bb4.21.0&#8243; _module_preset=\u00bbdefault\u00bb global_colors_info=\u00bb{}\u00bb][et_pb_button button_url=\u00bbhttps:\/\/www.patreon.com\/escuelasonora\/membership\u00bb button_text=\u00bbpatreon\u00bb button_alignment=\u00bbcenter\u00bb _builder_version=\u00bb4.20.2&#8243; _module_preset=\u00bb75300775-2c6f-4fae-b4c6-412d98757c90&#8243; button_border_width=\u00bb2px\u00bb button_border_radius=\u00bb8px\u00bb button_letter_spacing=\u00bb0.7em\u00bb button_font=\u00bbRaleway|700||on|||||\u00bb transform_scale=\u00bb170%|170%\u00bb global_colors_info=\u00bb{}\u00bb][\/et_pb_button][\/et_pb_column][\/et_pb_row][\/et_pb_section]<\/p>\n","protected":false},"excerpt":{"rendered":"<p>(+34) 744 65 83 46Clases online de control de sonido en directo.Aprende a manejar tu controladora desde casa.Curso de sonido en directoConvi\u00e9rtete en t\u00e9cnico de sonido. En nuestro curso de sonido en directo dominar\u00e1s la mezcla, la configuraci\u00f3n y el montaje de equipos de sonido. Trabajar\u00e1s con equipo profesional y con profesionales en activo del [&hellip;]<\/p>\n","protected":false},"author":4,"featured_media":0,"parent":0,"menu_order":0,"comment_status":"closed","ping_status":"closed","template":"","meta":{"_et_pb_use_builder":"on","_et_pb_old_content":"","_et_gb_content_width":"","_joinchat":[],"footnotes":""},"class_list":["post-121","page","type-page","status-publish","hentry"],"_links":{"self":[{"href":"https:\/\/escuelasonora.es\/index.php?rest_route=\/wp\/v2\/pages\/121","targetHints":{"allow":["GET"]}}],"collection":[{"href":"https:\/\/escuelasonora.es\/index.php?rest_route=\/wp\/v2\/pages"}],"about":[{"href":"https:\/\/escuelasonora.es\/index.php?rest_route=\/wp\/v2\/types\/page"}],"author":[{"embeddable":true,"href":"https:\/\/escuelasonora.es\/index.php?rest_route=\/wp\/v2\/users\/4"}],"replies":[{"embeddable":true,"href":"https:\/\/escuelasonora.es\/index.php?rest_route=%2Fwp%2Fv2%2Fcomments&post=121"}],"version-history":[{"count":24,"href":"https:\/\/escuelasonora.es\/index.php?rest_route=\/wp\/v2\/pages\/121\/revisions"}],"predecessor-version":[{"id":186,"href":"https:\/\/escuelasonora.es\/index.php?rest_route=\/wp\/v2\/pages\/121\/revisions\/186"}],"wp:attachment":[{"href":"https:\/\/escuelasonora.es\/index.php?rest_route=%2Fwp%2Fv2%2Fmedia&parent=121"}],"curies":[{"name":"wp","href":"https:\/\/api.w.org\/{rel}","templated":true}]}}